{"id":1180,"date":"2024-01-16T14:20:53","date_gmt":"2024-01-16T13:20:53","guid":{"rendered":"https:\/\/id-mobile.me\/?page_id=1180"},"modified":"2024-01-16T15:40:42","modified_gmt":"2024-01-16T14:40:42","slug":"loeschen-des-id-mobile-benutzerkonto-incl-aller-daten-2","status":"publish","type":"page","link":"https:\/\/id-mobile.me\/?page_id=1180","title":{"rendered":"L\u00f6schen des ID.mobile Benutzerkonto incl. aller Daten"},"content":{"rendered":"[vc_row][vc_column][vc_column_text]<strong>Schritt 1: <\/strong>W\u00e4hlen Sie das Zahnrad-Icon (unten links) aus, dadurch \u00f6ffnen Sie das Kon\ufb01gurations-Men\u00fc.<\/p>\n\n<div class=\"wp-block-image\">\n<figure class=\"aligncenter size-full is-resized\"><img loading=\"lazy\" decoding=\"async\" width=\"4096\" height=\"4096\" src=\"https:\/\/id-mobile.me\/wp-content\/uploads\/2024\/01\/iphone-export-11.png\" alt=\"\" class=\"wp-image-1220\" style=\"width:761px;height:auto\" srcset=\"https:\/\/id-mobile.me\/wp-content\/uploads\/2024\/01\/iphone-export-11.png 4096w, https:\/\/id-mobile.me\/wp-content\/uploads\/2024\/01\/iphone-export-11-300x300.png 300w, https:\/\/id-mobile.me\/wp-content\/uploads\/2024\/01\/iphone-export-11-1024x1024.png 1024w, https:\/\/id-mobile.me\/wp-content\/uploads\/2024\/01\/iphone-export-11-150x150.png 150w, https:\/\/id-mobile.me\/wp-content\/uploads\/2024\/01\/iphone-export-11-768x768.png 768w, https:\/\/id-mobile.me\/wp-content\/uploads\/2024\/01\/iphone-export-11-1536x1536.png 1536w, https:\/\/id-mobile.me\/wp-content\/uploads\/2024\/01\/iphone-export-11-2048x2048.png 2048w, https:\/\/id-mobile.me\/wp-content\/uploads\/2024\/01\/iphone-export-11-440x440.png 440w, https:\/\/id-mobile.me\/wp-content\/uploads\/2024\/01\/iphone-export-11-120x120.png 120w\" sizes=\"auto, (max-width: 4096px) 100vw, 4096px\" \/><\/figure>\n<\/div>\n<p><strong>Schritt 2:<\/strong> W\u00e4hlen Sie <strong>Unregister<\/strong> <mark style=\"background-color:rgba(0, 0, 0, 0)\" class=\"has-inline-color has-black-color\">aus<\/mark>.<\/p>\n\n<div class=\"wp-block-image\">\n<figure class=\"aligncenter size-full is-resized\"><img loading=\"lazy\" decoding=\"async\" width=\"4096\" height=\"4096\" src=\"https:\/\/id-mobile.me\/wp-content\/uploads\/2024\/01\/iphone-export-2.png\" alt=\"\" class=\"wp-image-1221\" style=\"width:785px;height:auto\" srcset=\"https:\/\/id-mobile.me\/wp-content\/uploads\/2024\/01\/iphone-export-2.png 4096w, https:\/\/id-mobile.me\/wp-content\/uploads\/2024\/01\/iphone-export-2-300x300.png 300w, https:\/\/id-mobile.me\/wp-content\/uploads\/2024\/01\/iphone-export-2-1024x1024.png 1024w, https:\/\/id-mobile.me\/wp-content\/uploads\/2024\/01\/iphone-export-2-150x150.png 150w, https:\/\/id-mobile.me\/wp-content\/uploads\/2024\/01\/iphone-export-2-768x768.png 768w, https:\/\/id-mobile.me\/wp-content\/uploads\/2024\/01\/iphone-export-2-1536x1536.png 1536w, https:\/\/id-mobile.me\/wp-content\/uploads\/2024\/01\/iphone-export-2-2048x2048.png 2048w, https:\/\/id-mobile.me\/wp-content\/uploads\/2024\/01\/iphone-export-2-440x440.png 440w, https:\/\/id-mobile.me\/wp-content\/uploads\/2024\/01\/iphone-export-2-120x120.png 120w\" sizes=\"auto, (max-width: 4096px) 100vw, 4096px\" \/><\/figure>\n<\/div>\n<p><strong>Schritt 3:<\/strong> Mit <strong>OK<\/strong> best\u00e4tigen werden alle Konto- und pers\u00f6nlichen Daten gel\u00f6scht.<\/p>\n\n<div class=\"wp-block-image\">\n<figure class=\"aligncenter size-full is-resized\"><img loading=\"lazy\" decoding=\"async\" width=\"4096\" height=\"4096\" src=\"https:\/\/id-mobile.me\/wp-content\/uploads\/2024\/01\/iphone-export-3.png\" alt=\"\" class=\"wp-image-1222\" style=\"width:798px;height:auto\" srcset=\"https:\/\/id-mobile.me\/wp-content\/uploads\/2024\/01\/iphone-export-3.png 4096w, https:\/\/id-mobile.me\/wp-content\/uploads\/2024\/01\/iphone-export-3-300x300.png 300w, https:\/\/id-mobile.me\/wp-content\/uploads\/2024\/01\/iphone-export-3-1024x1024.png 1024w, https:\/\/id-mobile.me\/wp-content\/uploads\/2024\/01\/iphone-export-3-150x150.png 150w, https:\/\/id-mobile.me\/wp-content\/uploads\/2024\/01\/iphone-export-3-768x768.png 768w, https:\/\/id-mobile.me\/wp-content\/uploads\/2024\/01\/iphone-export-3-1536x1536.png 1536w, https:\/\/id-mobile.me\/wp-content\/uploads\/2024\/01\/iphone-export-3-2048x2048.png 2048w, https:\/\/id-mobile.me\/wp-content\/uploads\/2024\/01\/iphone-export-3-440x440.png 440w, https:\/\/id-mobile.me\/wp-content\/uploads\/2024\/01\/iphone-export-3-120x120.png 120w\" sizes=\"auto, (max-width: 4096px) 100vw, 4096px\" \/><\/figure>\n<\/div>\n\n[\/vc_column_text][wgl_spacing spacer_size=&#8221;30px&#8221;][\/vc_column][\/vc_row]\n","protected":false},"excerpt":{"rendered":"<p>[vc_row][vc_column][vc_column_text]Schritt 1: W\u00e4hlen Sie das Zahnrad-Icon (unten links) aus, dadurch \u00f6ffnen Sie das Kon\ufb01gurations-Men\u00fc. Schritt 2: W\u00e4hlen Sie Unregister aus. Schritt 3: Mit OK best\u00e4tigen werden alle Konto- und pers\u00f6nlichen Daten gel\u00f6scht. [\/vc_column_text][wgl_spacing spacer_size=&#8221;30px&#8221;][\/vc_column][\/vc_row]<\/p>\n","protected":false},"author":4,"featured_media":0,"parent":0,"menu_order":0,"comment_status":"closed","ping_status":"closed","template":"","meta":{"footnotes":"[]"},"class_list":["post-1180","page","type-page","status-publish","hentry"],"_links":{"self":[{"href":"https:\/\/id-mobile.me\/index.php?rest_route=\/wp\/v2\/pages\/1180","targetHints":{"allow":["GET"]}}],"collection":[{"href":"https:\/\/id-mobile.me\/index.php?rest_route=\/wp\/v2\/pages"}],"about":[{"href":"https:\/\/id-mobile.me\/index.php?rest_route=\/wp\/v2\/types\/page"}],"author":[{"embeddable":true,"href":"https:\/\/id-mobile.me\/index.php?rest_route=\/wp\/v2\/users\/4"}],"replies":[{"embeddable":true,"href":"https:\/\/id-mobile.me\/index.php?rest_route=%2Fwp%2Fv2%2Fcomments&post=1180"}],"version-history":[{"count":20,"href":"https:\/\/id-mobile.me\/index.php?rest_route=\/wp\/v2\/pages\/1180\/revisions"}],"predecessor-version":[{"id":1227,"href":"https:\/\/id-mobile.me\/index.php?rest_route=\/wp\/v2\/pages\/1180\/revisions\/1227"}],"wp:attachment":[{"href":"https:\/\/id-mobile.me\/index.php?rest_route=%2Fwp%2Fv2%2Fmedia&parent=1180"}],"curies":[{"name":"wp","href":"https:\/\/api.w.org\/{rel}","templated":true}]}}